{"id":660,"date":"2025-01-07T13:44:25","date_gmt":"2025-01-07T12:44:25","guid":{"rendered":"https:\/\/standingout.pentahospitals.pl\/privacy-policy\/"},"modified":"2025-02-24T16:06:20","modified_gmt":"2025-02-24T15:06:20","slug":"privacy-policy-sk","status":"publish","type":"page","link":"https:\/\/standingout.pentahospitals.pl\/sk\/privacy-policy-sk\/","title":{"rendered":"Z\u00e1sady ochrany osobn\u00fdch \u00fadajov"},"content":{"rendered":"<div class=\"wp-block-paragraph\">\n<p>V s\u00falade s \u010dl. 13 ods. 1 a ods. 2 v\u0161eobecn\u00e9ho nariadenia o ochrane osobn\u00fdch \u00fadajov z 27. apr\u00edla 2016 (\u010falej len GDPR) by som v\u00e1s r\u00e1d informoval, \u017ee:<\/p>\n<\/div>\n\n<div class=\"wp-block-paragraph\">\n<p>1) spr\u00e1vcom va\u0161ich osobn\u00fdch \u00fadajov je spolo\u010dnos\u0165 EMC Instytut Medyczny SA so s\u00eddlom vo Vroclavi (54-144) na ul. Pilczyckiej 144-148, Po\u013esko.<\/p>\n<\/div>\n\n<div class=\"wp-block-paragraph\">\n<p>2) Kontaktnou osobou pre z\u00e1le\u017eitosti ochrany \u00fadajov je poveren\u00edk pre ochranu osobn\u00fdch \u00fadajov, ktor\u00fd je dostupn\u00fd na e-mailovej adrese: iod@pentahospitals.pl.<\/p>\n<\/div>\n\n<div class=\"wp-block-paragraph\">\n<p>3) Va\u0161e osobn\u00e9 \u00fadaje v podobe mena, priezviska, telef\u00f3nneho \u010d\u00edsla, e-mailovej adresy bud\u00fa spracovan\u00e9 v r\u00e1mci va\u0161ej registr\u00e1cie na konferenciu Penta Hospitals International Leadership Conference 2025 Standing Out na z\u00e1klade \u010dl. 6 ods. 1 p\u00eds. a GDPR.<\/p>\n<\/div>\n\n<div class=\"wp-block-paragraph\">\n<p>4) Va\u0161e osobn\u00e9 \u00fadaje v podobe mena, priezviska, telef\u00f3nneho \u010d\u00edsla, e-mailovej adresy bud\u00fa spracov\u00e1va\u0165 poveren\u00ed zamestnanci spr\u00e1vcu \u00fadajov. Pr\u00edjemcom va\u0161ich osobn\u00fdch \u00fadajov v podobe mena, priezviska, telef\u00f3nneho \u010d\u00edsla, e-mailovej adresy bude spolo\u010dnos\u0165, ktor\u00e1 konferenciu organizuje na z\u00e1klade zmluvy o poveren\u00ed.<\/p>\n<\/div>\n\n<div class=\"wp-block-paragraph\">\n<p>5) Va\u0161e osobn\u00e9 \u00fadaje v podobe mena, priezviska, telef\u00f3nneho \u010d\u00edsla, e-mailovej adresy nebud\u00fa odovzd\u00e1van\u00e9 do tret\u00edch kraj\u00edn a medzin\u00e1rodn\u00fdm organiz\u00e1ci\u00e1m.<\/p>\n<\/div>\n\n<div class=\"wp-block-paragraph\">\n<p>6) Va\u0161e osobn\u00e9 \u00fadaje v podobe mena, priezviska, telef\u00f3nneho \u010d\u00edsla, e-mailovej adresy bud\u00fa uchov\u00e1van\u00e9 po dobu nevyhnutn\u00fa na naplnenie \u00fa\u010delu uveden\u00e9ho v bode 3 tejto dolo\u017eky alebo do odvolania v\u00e1\u0161ho s\u00fahlasu. Potom bud\u00fa \u00fadaje odstr\u00e1nen\u00e9.<\/p>\n<\/div>\n\n<div class=\"wp-block-paragraph\">\n<p>7) M\u00e1te pr\u00e1vo na pr\u00edstup k obsahu svojich \u00fadajov a pr\u00e1vo na opravu, v\u00fdmaz, obmedzenie spracovania, pr\u00e1vo na prenosite\u013enos\u0165 \u00fadajov, pr\u00e1vo vznies\u0165 n\u00e1mietku, a ak je spracovanie zalo\u017een\u00e9 na s\u00fahlase, m\u00e1te pr\u00e1vo s\u00fahlas kedyko\u013evek odvola\u0165 bez toho, aby bola dotknut\u00e1 z\u00e1konnos\u0165 spracovania vykonan\u00e9ho na z\u00e1klade s\u00fahlasu pred jeho odvolan\u00edm.<\/p>\n<\/div>\n\n<div class=\"wp-block-paragraph\">\n<p>8) M\u00e1te pr\u00e1vo poda\u0165 s\u0165a\u017enos\u0165 na dozornom \u00farade, ak sa domnievate, \u017ee spracovanie osobn\u00fdch \u00fadajov v podobe va\u0161ej podobizne poru\u0161uje ustanovenia GDPR.<\/p>\n<\/div>\n\n<div class=\"wp-block-paragraph\">\n<p>9) Poskytnutie va\u0161ich osobn\u00fdch \u00fadajov v podobe mena, telef\u00f3nneho \u010d\u00edsla a e-mailovej adresy je dobrovo\u013en\u00e9. Neposkytnutie \u00fadajov v podobe mena, priezviska, telef\u00f3nneho \u010d\u00edsla a e-mailovej adresy bude ma\u0165 za n\u00e1sledok nemo\u017enos\u0165 registr\u00e1cie a va\u0161ej \u00fa\u010dasti na konferencii Penta Hospitals International Leadership Conference 2025 Standing Out.<\/p>\n<\/div>\n\n<div class=\"wp-block-paragraph\">\n<p>10) Va\u0161e osobn\u00e9 \u00fadaje v podobe mena, priezviska, telef\u00f3nneho \u010d\u00edsla, e-mailovej adresy, podobizne nebud\u00fa spracov\u00e1van\u00e9 prostredn\u00edctvom profilovania.<\/p>\n<\/div>\n\n\n<div style=\"height:100px\" aria-hidden=\"true\" class=\"wp-block-spacer\"><\/div>\n","protected":false},"excerpt":{"rendered":"<p>V s\u00falade s \u010dl. 13 ods. 1 a ods. 2 v\u0161eobecn\u00e9ho nariadenia o ochrane osobn\u00fdch \u00fadajov z 27. apr\u00edla 2016 (\u010falej len GDPR) by som v\u00e1s r\u00e1d informoval, \u017ee: 1) spr\u00e1vcom va\u0161ich osobn\u00fdch \u00fadajov je spolo\u010dnos\u0165 EMC Instytut Medyczny SA so s\u00eddlom vo Vroclavi (54-144) na ul. Pilczyckiej 144-148, Po\u013esko. 2) Kontaktnou osobou pre z\u00e1le\u017eitosti [&hellip;]<\/p>\n","protected":false},"author":1,"featured_media":0,"parent":0,"menu_order":0,"comment_status":"closed","ping_status":"closed","template":"","meta":{"_acf_changed":false,"footnotes":""},"class_list":["post-660","page","type-page","status-publish","hentry"],"acf":[],"yoast_head":"<!-- This site is optimized with the Yoast SEO plugin v24.4 - https:\/\/yoast.com\/wordpress\/plugins\/seo\/ -->\n<title>Z\u00e1sady ochrany osobn\u00fdch \u00fadajov - Pentahospitals standing out<\/title>\n<meta name=\"robots\" content=\"noindex, follow, max-snippet:-1, max-image-preview:large, max-video-preview:-1\" \/>\n<meta property=\"og:locale\" content=\"sk_SK\" \/>\n<meta property=\"og:type\" content=\"article\" \/>\n<meta property=\"og:title\" content=\"Z\u00e1sady ochrany osobn\u00fdch \u00fadajov - Pentahospitals standing out\" \/>\n<meta property=\"og:description\" content=\"V s\u00falade s \u010dl. 13 ods. 1 a ods. 2 v\u0161eobecn\u00e9ho nariadenia o ochrane osobn\u00fdch \u00fadajov z 27. apr\u00edla 2016 (\u010falej len GDPR) by som v\u00e1s r\u00e1d informoval, \u017ee: 1) spr\u00e1vcom va\u0161ich osobn\u00fdch \u00fadajov je spolo\u010dnos\u0165 EMC Instytut Medyczny SA so s\u00eddlom vo Vroclavi (54-144) na ul. Pilczyckiej 144-148, Po\u013esko. 2) Kontaktnou osobou pre z\u00e1le\u017eitosti [&hellip;]\" \/>\n<meta property=\"og:url\" content=\"https:\/\/standingout.pentahospitals.pl\/sk\/privacy-policy-sk\/\" \/>\n<meta property=\"og:site_name\" content=\"Pentahospitals standing out\" \/>\n<meta property=\"article:modified_time\" content=\"2025-02-24T15:06:20+00:00\" \/>\n<meta name=\"twitter:card\" content=\"summary_large_image\" \/>\n<meta name=\"twitter:label1\" content=\"Predpokladan\u00fd \u010das \u010d\u00edtania\" \/>\n\t<meta name=\"twitter:data1\" content=\"2 min\u00faty\" \/>\n<script type=\"application\/ld+json\" class=\"yoast-schema-graph\">{\"@context\":\"https:\/\/schema.org\",\"@graph\":[{\"@type\":\"WebPage\",\"@id\":\"https:\/\/standingout.pentahospitals.pl\/sk\/privacy-policy-sk\/\",\"url\":\"https:\/\/standingout.pentahospitals.pl\/sk\/privacy-policy-sk\/\",\"name\":\"Z\u00e1sady ochrany osobn\u00fdch \u00fadajov - Pentahospitals standing out\",\"isPartOf\":{\"@id\":\"https:\/\/standingout.pentahospitals.pl\/#website\"},\"datePublished\":\"2025-01-07T12:44:25+00:00\",\"dateModified\":\"2025-02-24T15:06:20+00:00\",\"breadcrumb\":{\"@id\":\"https:\/\/standingout.pentahospitals.pl\/sk\/privacy-policy-sk\/#breadcrumb\"},\"inLanguage\":\"sk-SK\",\"potentialAction\":[{\"@type\":\"ReadAction\",\"target\":[\"https:\/\/standingout.pentahospitals.pl\/sk\/privacy-policy-sk\/\"]}]},{\"@type\":\"BreadcrumbList\",\"@id\":\"https:\/\/standingout.pentahospitals.pl\/sk\/privacy-policy-sk\/#breadcrumb\",\"itemListElement\":[{\"@type\":\"ListItem\",\"position\":1,\"name\":\"Strona g\u0142\u00f3wna\",\"item\":\"https:\/\/standingout.pentahospitals.pl\/sk\/\"},{\"@type\":\"ListItem\",\"position\":2,\"name\":\"Z\u00e1sady ochrany osobn\u00fdch \u00fadajov\"}]},{\"@type\":\"WebSite\",\"@id\":\"https:\/\/standingout.pentahospitals.pl\/#website\",\"url\":\"https:\/\/standingout.pentahospitals.pl\/\",\"name\":\"Pentahospitals standing out\",\"description\":\"\",\"potentialAction\":[{\"@type\":\"SearchAction\",\"target\":{\"@type\":\"EntryPoint\",\"urlTemplate\":\"https:\/\/standingout.pentahospitals.pl\/?s={search_term_string}\"},\"query-input\":{\"@type\":\"PropertyValueSpecification\",\"valueRequired\":true,\"valueName\":\"search_term_string\"}}],\"inLanguage\":\"sk-SK\"}]}<\/script>\n<!-- \/ Yoast SEO plugin. -->","yoast_head_json":{"title":"Z\u00e1sady ochrany osobn\u00fdch \u00fadajov - Pentahospitals standing out","robots":{"index":"noindex","follow":"follow","max-snippet":"max-snippet:-1","max-image-preview":"max-image-preview:large","max-video-preview":"max-video-preview:-1"},"og_locale":"sk_SK","og_type":"article","og_title":"Z\u00e1sady ochrany osobn\u00fdch \u00fadajov - Pentahospitals standing out","og_description":"V s\u00falade s \u010dl. 13 ods. 1 a ods. 2 v\u0161eobecn\u00e9ho nariadenia o ochrane osobn\u00fdch \u00fadajov z 27. apr\u00edla 2016 (\u010falej len GDPR) by som v\u00e1s r\u00e1d informoval, \u017ee: 1) spr\u00e1vcom va\u0161ich osobn\u00fdch \u00fadajov je spolo\u010dnos\u0165 EMC Instytut Medyczny SA so s\u00eddlom vo Vroclavi (54-144) na ul. Pilczyckiej 144-148, Po\u013esko. 2) Kontaktnou osobou pre z\u00e1le\u017eitosti [&hellip;]","og_url":"https:\/\/standingout.pentahospitals.pl\/sk\/privacy-policy-sk\/","og_site_name":"Pentahospitals standing out","article_modified_time":"2025-02-24T15:06:20+00:00","twitter_card":"summary_large_image","twitter_misc":{"Predpokladan\u00fd \u010das \u010d\u00edtania":"2 min\u00faty"},"schema":{"@context":"https:\/\/schema.org","@graph":[{"@type":"WebPage","@id":"https:\/\/standingout.pentahospitals.pl\/sk\/privacy-policy-sk\/","url":"https:\/\/standingout.pentahospitals.pl\/sk\/privacy-policy-sk\/","name":"Z\u00e1sady ochrany osobn\u00fdch \u00fadajov - Pentahospitals standing out","isPartOf":{"@id":"https:\/\/standingout.pentahospitals.pl\/#website"},"datePublished":"2025-01-07T12:44:25+00:00","dateModified":"2025-02-24T15:06:20+00:00","breadcrumb":{"@id":"https:\/\/standingout.pentahospitals.pl\/sk\/privacy-policy-sk\/#breadcrumb"},"inLanguage":"sk-SK","potentialAction":[{"@type":"ReadAction","target":["https:\/\/standingout.pentahospitals.pl\/sk\/privacy-policy-sk\/"]}]},{"@type":"BreadcrumbList","@id":"https:\/\/standingout.pentahospitals.pl\/sk\/privacy-policy-sk\/#breadcrumb","itemListElement":[{"@type":"ListItem","position":1,"name":"Strona g\u0142\u00f3wna","item":"https:\/\/standingout.pentahospitals.pl\/sk\/"},{"@type":"ListItem","position":2,"name":"Z\u00e1sady ochrany osobn\u00fdch \u00fadajov"}]},{"@type":"WebSite","@id":"https:\/\/standingout.pentahospitals.pl\/#website","url":"https:\/\/standingout.pentahospitals.pl\/","name":"Pentahospitals standing out","description":"","potentialAction":[{"@type":"SearchAction","target":{"@type":"EntryPoint","urlTemplate":"https:\/\/standingout.pentahospitals.pl\/?s={search_term_string}"},"query-input":{"@type":"PropertyValueSpecification","valueRequired":true,"valueName":"search_term_string"}}],"inLanguage":"sk-SK"}]}},"_links":{"self":[{"href":"https:\/\/standingout.pentahospitals.pl\/sk\/wp-json\/wp\/v2\/pages\/660","targetHints":{"allow":["GET"]}}],"collection":[{"href":"https:\/\/standingout.pentahospitals.pl\/sk\/wp-json\/wp\/v2\/pages"}],"about":[{"href":"https:\/\/standingout.pentahospitals.pl\/sk\/wp-json\/wp\/v2\/types\/page"}],"author":[{"embeddable":true,"href":"https:\/\/standingout.pentahospitals.pl\/sk\/wp-json\/wp\/v2\/users\/1"}],"replies":[{"embeddable":true,"href":"https:\/\/standingout.pentahospitals.pl\/sk\/wp-json\/wp\/v2\/comments?post=660"}],"version-history":[{"count":3,"href":"https:\/\/standingout.pentahospitals.pl\/sk\/wp-json\/wp\/v2\/pages\/660\/revisions"}],"predecessor-version":[{"id":940,"href":"https:\/\/standingout.pentahospitals.pl\/sk\/wp-json\/wp\/v2\/pages\/660\/revisions\/940"}],"wp:attachment":[{"href":"https:\/\/standingout.pentahospitals.pl\/sk\/wp-json\/wp\/v2\/media?parent=660"}],"curies":[{"name":"wp","href":"https:\/\/api.w.org\/{rel}","templated":true}]}}