{"id":32,"date":"2024-12-23T10:02:59","date_gmt":"2024-12-23T09:02:59","guid":{"rendered":"https:\/\/standingout.pentahospitals.pl\/start\/"},"modified":"2025-05-12T12:43:55","modified_gmt":"2025-05-12T10:43:55","slug":"start","status":"publish","type":"page","link":"https:\/\/standingout.pentahospitals.pl\/pl\/","title":{"rendered":"Start PL"},"content":{"rendered":"","protected":false},"excerpt":{"rendered":"","protected":false},"author":1,"featured_media":1004,"parent":0,"menu_order":0,"comment_status":"closed","ping_status":"closed","template":"front-page.php","meta":{"_acf_changed":false,"footnotes":""},"class_list":["post-32","page","type-page","status-publish","has-post-thumbnail","hentry"],"acf":[],"yoast_head":"<!-- This site is optimized with the Yoast SEO plugin v24.4 - https:\/\/yoast.com\/wordpress\/plugins\/seo\/ -->\n<title>PHI Leadership Conference 2025 | Standing Out<\/title>\n<meta name=\"description\" content=\"W bran\u017cy opieki zdrowotnej wyr\u00f3\u017cnianie si\u0119 to nie wyb\u00f3r \u2013 to konieczno\u015b\u0107. Dlatego doskona\u0142o\u015b\u0107 jest naszym standardem, innowacyjno\u015b\u0107 drog\u0105, kt\u00f3r\u0105 pod\u0105\u017camy, a najwy\u017csza troska o pacjenta naszym zobowi\u0105zaniem.\" \/>\n<meta name=\"robots\" content=\"noindex, follow, max-snippet:-1, max-image-preview:large, max-video-preview:-1\" \/>\n<meta property=\"og:locale\" content=\"pl_PL\" \/>\n<meta property=\"og:type\" content=\"article\" \/>\n<meta property=\"og:title\" content=\"PHI Leadership Conference 2025 | Standing Out\" \/>\n<meta property=\"og:description\" content=\"W bran\u017cy opieki zdrowotnej wyr\u00f3\u017cnianie si\u0119 to nie wyb\u00f3r \u2013 to konieczno\u015b\u0107. Dlatego doskona\u0142o\u015b\u0107 jest naszym standardem, innowacyjno\u015b\u0107 drog\u0105, kt\u00f3r\u0105 pod\u0105\u017camy, a najwy\u017csza troska o pacjenta naszym zobowi\u0105zaniem.\" \/>\n<meta property=\"og:url\" content=\"https:\/\/standingout.pentahospitals.pl\/pl\/\" \/>\n<meta property=\"og:site_name\" content=\"Pentahospitals standing out\" \/>\n<meta property=\"article:modified_time\" content=\"2025-05-12T10:43:55+00:00\" \/>\n<meta property=\"og:image\" content=\"https:\/\/standingout.pentahospitals.pl\/wp-content\/uploads\/2025\/03\/standing_out_web.png\" \/>\n\t<meta property=\"og:image:width\" content=\"580\" \/>\n\t<meta property=\"og:image:height\" content=\"580\" \/>\n\t<meta property=\"og:image:type\" content=\"image\/png\" \/>\n<meta name=\"twitter:card\" content=\"summary_large_image\" \/>\n<meta name=\"twitter:label1\" content=\"Szacowany czas czytania\" \/>\n\t<meta name=\"twitter:data1\" content=\"1 minuta\" \/>\n<script type=\"application\/ld+json\" class=\"yoast-schema-graph\">{\"@context\":\"https:\/\/schema.org\",\"@graph\":[{\"@type\":\"WebPage\",\"@id\":\"https:\/\/standingout.pentahospitals.pl\/pl\/\",\"url\":\"https:\/\/standingout.pentahospitals.pl\/pl\/\",\"name\":\"PHI Leadership Conference 2025 | Standing Out\",\"isPartOf\":{\"@id\":\"https:\/\/standingout.pentahospitals.pl\/#website\"},\"primaryImageOfPage\":{\"@id\":\"https:\/\/standingout.pentahospitals.pl\/pl\/#primaryimage\"},\"image\":{\"@id\":\"https:\/\/standingout.pentahospitals.pl\/pl\/#primaryimage\"},\"thumbnailUrl\":\"https:\/\/standingout.pentahospitals.pl\/wp-content\/uploads\/2025\/03\/standing_out_web.png\",\"datePublished\":\"2024-12-23T09:02:59+00:00\",\"dateModified\":\"2025-05-12T10:43:55+00:00\",\"description\":\"W bran\u017cy opieki zdrowotnej wyr\u00f3\u017cnianie si\u0119 to nie wyb\u00f3r \u2013 to konieczno\u015b\u0107. Dlatego doskona\u0142o\u015b\u0107 jest naszym standardem, innowacyjno\u015b\u0107 drog\u0105, kt\u00f3r\u0105 pod\u0105\u017camy, a najwy\u017csza troska o pacjenta naszym zobowi\u0105zaniem.\",\"breadcrumb\":{\"@id\":\"https:\/\/standingout.pentahospitals.pl\/pl\/#breadcrumb\"},\"inLanguage\":\"pl-PL\",\"potentialAction\":[{\"@type\":\"ReadAction\",\"target\":[\"https:\/\/standingout.pentahospitals.pl\/pl\/\"]}]},{\"@type\":\"ImageObject\",\"inLanguage\":\"pl-PL\",\"@id\":\"https:\/\/standingout.pentahospitals.pl\/pl\/#primaryimage\",\"url\":\"https:\/\/standingout.pentahospitals.pl\/wp-content\/uploads\/2025\/03\/standing_out_web.png\",\"contentUrl\":\"https:\/\/standingout.pentahospitals.pl\/wp-content\/uploads\/2025\/03\/standing_out_web.png\",\"width\":580,\"height\":580},{\"@type\":\"BreadcrumbList\",\"@id\":\"https:\/\/standingout.pentahospitals.pl\/pl\/#breadcrumb\",\"itemListElement\":[{\"@type\":\"ListItem\",\"position\":1,\"name\":\"Strona g\u0142\u00f3wna\",\"item\":\"https:\/\/standingout.pentahospitals.pl\/pl\/\"},{\"@type\":\"ListItem\",\"position\":2,\"name\":\"Start PL\"}]},{\"@type\":\"WebSite\",\"@id\":\"https:\/\/standingout.pentahospitals.pl\/#website\",\"url\":\"https:\/\/standingout.pentahospitals.pl\/\",\"name\":\"Pentahospitals standing out\",\"description\":\"\",\"potentialAction\":[{\"@type\":\"SearchAction\",\"target\":{\"@type\":\"EntryPoint\",\"urlTemplate\":\"https:\/\/standingout.pentahospitals.pl\/?s={search_term_string}\"},\"query-input\":{\"@type\":\"PropertyValueSpecification\",\"valueRequired\":true,\"valueName\":\"search_term_string\"}}],\"inLanguage\":\"pl-PL\"}]}<\/script>\n<!-- \/ Yoast SEO plugin. -->","yoast_head_json":{"title":"PHI Leadership Conference 2025 | Standing Out","description":"W bran\u017cy opieki zdrowotnej wyr\u00f3\u017cnianie si\u0119 to nie wyb\u00f3r \u2013 to konieczno\u015b\u0107. Dlatego doskona\u0142o\u015b\u0107 jest naszym standardem, innowacyjno\u015b\u0107 drog\u0105, kt\u00f3r\u0105 pod\u0105\u017camy, a najwy\u017csza troska o pacjenta naszym zobowi\u0105zaniem.","robots":{"index":"noindex","follow":"follow","max-snippet":"max-snippet:-1","max-image-preview":"max-image-preview:large","max-video-preview":"max-video-preview:-1"},"og_locale":"pl_PL","og_type":"article","og_title":"PHI Leadership Conference 2025 | Standing Out","og_description":"W bran\u017cy opieki zdrowotnej wyr\u00f3\u017cnianie si\u0119 to nie wyb\u00f3r \u2013 to konieczno\u015b\u0107. Dlatego doskona\u0142o\u015b\u0107 jest naszym standardem, innowacyjno\u015b\u0107 drog\u0105, kt\u00f3r\u0105 pod\u0105\u017camy, a najwy\u017csza troska o pacjenta naszym zobowi\u0105zaniem.","og_url":"https:\/\/standingout.pentahospitals.pl\/pl\/","og_site_name":"Pentahospitals standing out","article_modified_time":"2025-05-12T10:43:55+00:00","og_image":[{"width":580,"height":580,"url":"https:\/\/standingout.pentahospitals.pl\/wp-content\/uploads\/2025\/03\/standing_out_web.png","type":"image\/png"}],"twitter_card":"summary_large_image","twitter_misc":{"Szacowany czas czytania":"1 minuta"},"schema":{"@context":"https:\/\/schema.org","@graph":[{"@type":"WebPage","@id":"https:\/\/standingout.pentahospitals.pl\/pl\/","url":"https:\/\/standingout.pentahospitals.pl\/pl\/","name":"PHI Leadership Conference 2025 | Standing Out","isPartOf":{"@id":"https:\/\/standingout.pentahospitals.pl\/#website"},"primaryImageOfPage":{"@id":"https:\/\/standingout.pentahospitals.pl\/pl\/#primaryimage"},"image":{"@id":"https:\/\/standingout.pentahospitals.pl\/pl\/#primaryimage"},"thumbnailUrl":"https:\/\/standingout.pentahospitals.pl\/wp-content\/uploads\/2025\/03\/standing_out_web.png","datePublished":"2024-12-23T09:02:59+00:00","dateModified":"2025-05-12T10:43:55+00:00","description":"W bran\u017cy opieki zdrowotnej wyr\u00f3\u017cnianie si\u0119 to nie wyb\u00f3r \u2013 to konieczno\u015b\u0107. Dlatego doskona\u0142o\u015b\u0107 jest naszym standardem, innowacyjno\u015b\u0107 drog\u0105, kt\u00f3r\u0105 pod\u0105\u017camy, a najwy\u017csza troska o pacjenta naszym zobowi\u0105zaniem.","breadcrumb":{"@id":"https:\/\/standingout.pentahospitals.pl\/pl\/#breadcrumb"},"inLanguage":"pl-PL","potentialAction":[{"@type":"ReadAction","target":["https:\/\/standingout.pentahospitals.pl\/pl\/"]}]},{"@type":"ImageObject","inLanguage":"pl-PL","@id":"https:\/\/standingout.pentahospitals.pl\/pl\/#primaryimage","url":"https:\/\/standingout.pentahospitals.pl\/wp-content\/uploads\/2025\/03\/standing_out_web.png","contentUrl":"https:\/\/standingout.pentahospitals.pl\/wp-content\/uploads\/2025\/03\/standing_out_web.png","width":580,"height":580},{"@type":"BreadcrumbList","@id":"https:\/\/standingout.pentahospitals.pl\/pl\/#breadcrumb","itemListElement":[{"@type":"ListItem","position":1,"name":"Strona g\u0142\u00f3wna","item":"https:\/\/standingout.pentahospitals.pl\/pl\/"},{"@type":"ListItem","position":2,"name":"Start PL"}]},{"@type":"WebSite","@id":"https:\/\/standingout.pentahospitals.pl\/#website","url":"https:\/\/standingout.pentahospitals.pl\/","name":"Pentahospitals standing out","description":"","potentialAction":[{"@type":"SearchAction","target":{"@type":"EntryPoint","urlTemplate":"https:\/\/standingout.pentahospitals.pl\/?s={search_term_string}"},"query-input":{"@type":"PropertyValueSpecification","valueRequired":true,"valueName":"search_term_string"}}],"inLanguage":"pl-PL"}]}},"_links":{"self":[{"href":"https:\/\/standingout.pentahospitals.pl\/pl\/wp-json\/wp\/v2\/pages\/32","targetHints":{"allow":["GET"]}}],"collection":[{"href":"https:\/\/standingout.pentahospitals.pl\/pl\/wp-json\/wp\/v2\/pages"}],"about":[{"href":"https:\/\/standingout.pentahospitals.pl\/pl\/wp-json\/wp\/v2\/types\/page"}],"author":[{"embeddable":true,"href":"https:\/\/standingout.pentahospitals.pl\/pl\/wp-json\/wp\/v2\/users\/1"}],"replies":[{"embeddable":true,"href":"https:\/\/standingout.pentahospitals.pl\/pl\/wp-json\/wp\/v2\/comments?post=32"}],"version-history":[{"count":65,"href":"https:\/\/standingout.pentahospitals.pl\/pl\/wp-json\/wp\/v2\/pages\/32\/revisions"}],"predecessor-version":[{"id":4614,"href":"https:\/\/standingout.pentahospitals.pl\/pl\/wp-json\/wp\/v2\/pages\/32\/revisions\/4614"}],"wp:featuredmedia":[{"embeddable":true,"href":"https:\/\/standingout.pentahospitals.pl\/pl\/wp-json\/wp\/v2\/media\/1004"}],"wp:attachment":[{"href":"https:\/\/standingout.pentahospitals.pl\/pl\/wp-json\/wp\/v2\/media?parent=32"}],"curies":[{"name":"wp","href":"https:\/\/api.w.org\/{rel}","templated":true}]}}