{"id":292,"date":"2025-01-07T13:44:25","date_gmt":"2025-01-07T12:44:25","guid":{"rendered":"https:\/\/standingout.pentahospitals.pl\/polityka-prywatnosci\/"},"modified":"2025-02-24T16:03:44","modified_gmt":"2025-02-24T15:03:44","slug":"privacy-policy-pl","status":"publish","type":"page","link":"https:\/\/standingout.pentahospitals.pl\/pl\/privacy-policy-pl\/","title":{"rendered":"Polityka prywatno\u015bci"},"content":{"rendered":"<div class=\"wp-block-paragraph\">\n<p>Zgodnie z art. 13 ust. 1 i ust. 2 og\u00f3lnego rozporz\u0105dzenia o ochronie danych osobowych z dnia 27 kwietnia 2016 roku (dalej: RODO) informuj\u0119, i\u017c:<\/p>\n<\/div>\n\n<div class=\"wp-block-paragraph\">\n<p><br>1) administratorem Pani\/Pana danych osobowych jest EMC Instytut Medyczny SA z siedzib\u0105 we Wroc\u0142awiu (54-144) przy ul. Pilczyckiej 144-148.<\/p>\n<\/div>\n\n<div class=\"wp-block-paragraph\">\n<p>2) Osob\u0105 kontaktow\u0105 w sprawach ochrony danych osobowych jest Inspektor Ochrony Danych dost\u0119pny pod adresem e-mail:\u00a0<a href=\"mailto:iod@pentahospitals.pl.\">iod@pentahospitals.pl.<\/a><\/p>\n<\/div>\n\n<div class=\"wp-block-paragraph\">\n<p>3) Pani\/Pana dane osobowe w postaci imienia, nazwiska, numeru telefonu, adresu email b\u0119d\u0105 przetwarzane w ramach rejestracji na konferencj\u0119 Penta Hospitals International Leadership Conference 2025 Standing Out na podstawie art. 6 ust. 1 lit. a RODO.<\/p>\n<\/div>\n\n<div class=\"wp-block-paragraph\">\n<p>4) Pani\/Pana dane osobowe w postaci imienia, nazwiska, numeru telefonu, adresu email b\u0119d\u0105 przetwarzane przez upowa\u017cnionych pracownik\u00f3w administratora danych. Odbiorc\u0105 Pani\/Pana danych osobowych w postaci imienia, nazwiska, numeru telefonu, adresu email b\u0119dzie firma organizuj\u0105ca konferencj\u0119 na podstawie umowy powierzenia.<\/p>\n<\/div>\n\n<div class=\"wp-block-paragraph\">\n<p>5) Pana\/Pani dane osobowe w postaci imienia, nazwiska, numeru telefonu, adresu email nie b\u0119d\u0105 przekazywane do pa\u0144stw trzecich i organizacji mi\u0119dzynarodowych.<\/p>\n<\/div>\n\n<div class=\"wp-block-paragraph\">\n<p>6) Pani\/Pana dane osobowe w postaci imienia, nazwiska, numeru telefonu, adresu email b\u0119d\u0105 przechowywane przez okres niezb\u0119dny do realizacji celu okre\u015blonego w pkt 3 klauzuli, albo do momentu wycofania przez Pani\u0105\/Pana zgody. Potem dane zostan\u0105 usuni\u0119te.<\/p>\n<\/div>\n\n<div class=\"wp-block-paragraph\">\n<p>7) Posiada Pani\/Pan prawo dost\u0119pu do tre\u015bci swoich danych oraz prawo ich sprostowania, usuni\u0119cia, ograniczenia przetwarzania, prawo do przenoszenia danych, prawo wniesienia sprzeciwu, a w przypadku gdy podstaw\u0119 przetwarzania stanowi zgoda &#8211; prawo do cofni\u0119cia zgody w dowolnym momencie bez wp\u0142ywu na zgodno\u015b\u0107 z prawem przetwarzania, kt\u00f3rego dokonano na podstawie zgody przed jej cofni\u0119ciem.<\/p>\n<\/div>\n\n<div class=\"wp-block-paragraph\">\n<p>8) Ma Pan\/Pani prawo wniesienia skargi do organu nadzorczego gdy uzna Pani\/Pan, i\u017c przetwarzanie danych osobowych w postaci wizerunku, Pani\/Pana dotycz\u0105cych narusza przepisy RODO.<\/p>\n<\/div>\n\n<div class=\"wp-block-paragraph\">\n<p>9) Udost\u0119pnienie przez Pana\/Pani\u0105 danych osobowych w postaci imienia, nazwiska, numeru telefonu, adresu email jest dobrowolne. Nieudost\u0119pnienie danych w postaci imienia, nazwiska, numeru telefonu, adresu email b\u0119dzie skutkowa\u0142o brakiem mo\u017cliwo\u015bci rejestracji i uczestnictwa Pani\/Pana w konferencji Penta Hospitals International Leadership Conference 2025 Standing Out.<\/p>\n<\/div>\n\n<div class=\"wp-block-paragraph\">\n<p>10) Pani\/Pana dane osobowe w postaci imienia, nazwiska, numeru telefonu, adresu email, wizerunku nie b\u0119d\u0105 przetwarzane w formie profilowania.<\/p>\n<\/div>\n\n\n<div style=\"height:100px\" aria-hidden=\"true\" class=\"wp-block-spacer\"><\/div>\n","protected":false},"excerpt":{"rendered":"<p>Zgodnie z art. 13 ust. 1 i ust. 2 og\u00f3lnego rozporz\u0105dzenia o ochronie danych osobowych z dnia 27 kwietnia 2016 roku (dalej: RODO) informuj\u0119, i\u017c: 1) administratorem Pani\/Pana danych osobowych jest EMC Instytut Medyczny SA z siedzib\u0105 we Wroc\u0142awiu (54-144) przy ul. Pilczyckiej 144-148. 2) Osob\u0105 kontaktow\u0105 w sprawach ochrony danych osobowych jest Inspektor Ochrony [&hellip;]<\/p>\n","protected":false},"author":1,"featured_media":0,"parent":0,"menu_order":0,"comment_status":"closed","ping_status":"closed","template":"","meta":{"_acf_changed":false,"footnotes":""},"class_list":["post-292","page","type-page","status-publish","hentry"],"acf":[],"yoast_head":"<!-- This site is optimized with the Yoast SEO plugin v24.4 - https:\/\/yoast.com\/wordpress\/plugins\/seo\/ -->\n<title>Polityka prywatno\u015bci - Pentahospitals standing out<\/title>\n<meta name=\"robots\" content=\"noindex, follow, max-snippet:-1, max-image-preview:large, max-video-preview:-1\" \/>\n<meta property=\"og:locale\" content=\"pl_PL\" \/>\n<meta property=\"og:type\" content=\"article\" \/>\n<meta property=\"og:title\" content=\"Polityka prywatno\u015bci - Pentahospitals standing out\" \/>\n<meta property=\"og:description\" content=\"Zgodnie z art. 13 ust. 1 i ust. 2 og\u00f3lnego rozporz\u0105dzenia o ochronie danych osobowych z dnia 27 kwietnia 2016 roku (dalej: RODO) informuj\u0119, i\u017c: 1) administratorem Pani\/Pana danych osobowych jest EMC Instytut Medyczny SA z siedzib\u0105 we Wroc\u0142awiu (54-144) przy ul. Pilczyckiej 144-148. 2) Osob\u0105 kontaktow\u0105 w sprawach ochrony danych osobowych jest Inspektor Ochrony [&hellip;]\" \/>\n<meta property=\"og:url\" content=\"https:\/\/standingout.pentahospitals.pl\/pl\/privacy-policy-pl\/\" \/>\n<meta property=\"og:site_name\" content=\"Pentahospitals standing out\" \/>\n<meta property=\"article:modified_time\" content=\"2025-02-24T15:03:44+00:00\" \/>\n<meta name=\"twitter:card\" content=\"summary_large_image\" \/>\n<meta name=\"twitter:label1\" content=\"Szacowany czas czytania\" \/>\n\t<meta name=\"twitter:data1\" content=\"2 minuty\" \/>\n<script type=\"application\/ld+json\" class=\"yoast-schema-graph\">{\"@context\":\"https:\/\/schema.org\",\"@graph\":[{\"@type\":\"WebPage\",\"@id\":\"https:\/\/standingout.pentahospitals.pl\/pl\/privacy-policy-pl\/\",\"url\":\"https:\/\/standingout.pentahospitals.pl\/pl\/privacy-policy-pl\/\",\"name\":\"Polityka prywatno\u015bci - Pentahospitals standing out\",\"isPartOf\":{\"@id\":\"https:\/\/standingout.pentahospitals.pl\/#website\"},\"datePublished\":\"2025-01-07T12:44:25+00:00\",\"dateModified\":\"2025-02-24T15:03:44+00:00\",\"breadcrumb\":{\"@id\":\"https:\/\/standingout.pentahospitals.pl\/pl\/privacy-policy-pl\/#breadcrumb\"},\"inLanguage\":\"pl-PL\",\"potentialAction\":[{\"@type\":\"ReadAction\",\"target\":[\"https:\/\/standingout.pentahospitals.pl\/pl\/privacy-policy-pl\/\"]}]},{\"@type\":\"BreadcrumbList\",\"@id\":\"https:\/\/standingout.pentahospitals.pl\/pl\/privacy-policy-pl\/#breadcrumb\",\"itemListElement\":[{\"@type\":\"ListItem\",\"position\":1,\"name\":\"Strona g\u0142\u00f3wna\",\"item\":\"https:\/\/standingout.pentahospitals.pl\/pl\/\"},{\"@type\":\"ListItem\",\"position\":2,\"name\":\"Polityka prywatno\u015bci\"}]},{\"@type\":\"WebSite\",\"@id\":\"https:\/\/standingout.pentahospitals.pl\/#website\",\"url\":\"https:\/\/standingout.pentahospitals.pl\/\",\"name\":\"Pentahospitals standing out\",\"description\":\"\",\"potentialAction\":[{\"@type\":\"SearchAction\",\"target\":{\"@type\":\"EntryPoint\",\"urlTemplate\":\"https:\/\/standingout.pentahospitals.pl\/?s={search_term_string}\"},\"query-input\":{\"@type\":\"PropertyValueSpecification\",\"valueRequired\":true,\"valueName\":\"search_term_string\"}}],\"inLanguage\":\"pl-PL\"}]}<\/script>\n<!-- \/ Yoast SEO plugin. -->","yoast_head_json":{"title":"Polityka prywatno\u015bci - Pentahospitals standing out","robots":{"index":"noindex","follow":"follow","max-snippet":"max-snippet:-1","max-image-preview":"max-image-preview:large","max-video-preview":"max-video-preview:-1"},"og_locale":"pl_PL","og_type":"article","og_title":"Polityka prywatno\u015bci - Pentahospitals standing out","og_description":"Zgodnie z art. 13 ust. 1 i ust. 2 og\u00f3lnego rozporz\u0105dzenia o ochronie danych osobowych z dnia 27 kwietnia 2016 roku (dalej: RODO) informuj\u0119, i\u017c: 1) administratorem Pani\/Pana danych osobowych jest EMC Instytut Medyczny SA z siedzib\u0105 we Wroc\u0142awiu (54-144) przy ul. Pilczyckiej 144-148. 2) Osob\u0105 kontaktow\u0105 w sprawach ochrony danych osobowych jest Inspektor Ochrony [&hellip;]","og_url":"https:\/\/standingout.pentahospitals.pl\/pl\/privacy-policy-pl\/","og_site_name":"Pentahospitals standing out","article_modified_time":"2025-02-24T15:03:44+00:00","twitter_card":"summary_large_image","twitter_misc":{"Szacowany czas czytania":"2 minuty"},"schema":{"@context":"https:\/\/schema.org","@graph":[{"@type":"WebPage","@id":"https:\/\/standingout.pentahospitals.pl\/pl\/privacy-policy-pl\/","url":"https:\/\/standingout.pentahospitals.pl\/pl\/privacy-policy-pl\/","name":"Polityka prywatno\u015bci - Pentahospitals standing out","isPartOf":{"@id":"https:\/\/standingout.pentahospitals.pl\/#website"},"datePublished":"2025-01-07T12:44:25+00:00","dateModified":"2025-02-24T15:03:44+00:00","breadcrumb":{"@id":"https:\/\/standingout.pentahospitals.pl\/pl\/privacy-policy-pl\/#breadcrumb"},"inLanguage":"pl-PL","potentialAction":[{"@type":"ReadAction","target":["https:\/\/standingout.pentahospitals.pl\/pl\/privacy-policy-pl\/"]}]},{"@type":"BreadcrumbList","@id":"https:\/\/standingout.pentahospitals.pl\/pl\/privacy-policy-pl\/#breadcrumb","itemListElement":[{"@type":"ListItem","position":1,"name":"Strona g\u0142\u00f3wna","item":"https:\/\/standingout.pentahospitals.pl\/pl\/"},{"@type":"ListItem","position":2,"name":"Polityka prywatno\u015bci"}]},{"@type":"WebSite","@id":"https:\/\/standingout.pentahospitals.pl\/#website","url":"https:\/\/standingout.pentahospitals.pl\/","name":"Pentahospitals standing out","description":"","potentialAction":[{"@type":"SearchAction","target":{"@type":"EntryPoint","urlTemplate":"https:\/\/standingout.pentahospitals.pl\/?s={search_term_string}"},"query-input":{"@type":"PropertyValueSpecification","valueRequired":true,"valueName":"search_term_string"}}],"inLanguage":"pl-PL"}]}},"_links":{"self":[{"href":"https:\/\/standingout.pentahospitals.pl\/pl\/wp-json\/wp\/v2\/pages\/292","targetHints":{"allow":["GET"]}}],"collection":[{"href":"https:\/\/standingout.pentahospitals.pl\/pl\/wp-json\/wp\/v2\/pages"}],"about":[{"href":"https:\/\/standingout.pentahospitals.pl\/pl\/wp-json\/wp\/v2\/types\/page"}],"author":[{"embeddable":true,"href":"https:\/\/standingout.pentahospitals.pl\/pl\/wp-json\/wp\/v2\/users\/1"}],"replies":[{"embeddable":true,"href":"https:\/\/standingout.pentahospitals.pl\/pl\/wp-json\/wp\/v2\/comments?post=292"}],"version-history":[{"count":5,"href":"https:\/\/standingout.pentahospitals.pl\/pl\/wp-json\/wp\/v2\/pages\/292\/revisions"}],"predecessor-version":[{"id":938,"href":"https:\/\/standingout.pentahospitals.pl\/pl\/wp-json\/wp\/v2\/pages\/292\/revisions\/938"}],"wp:attachment":[{"href":"https:\/\/standingout.pentahospitals.pl\/pl\/wp-json\/wp\/v2\/media?parent=292"}],"curies":[{"name":"wp","href":"https:\/\/api.w.org\/{rel}","templated":true}]}}