{"id":551,"date":"2025-01-07T13:44:25","date_gmt":"2025-01-07T12:44:25","guid":{"rendered":"https:\/\/standingout.pentahospitals.pl\/privacy-policy\/"},"modified":"2025-02-24T14:09:25","modified_gmt":"2025-02-24T13:09:25","slug":"privacy-policy-cz","status":"publish","type":"page","link":"https:\/\/standingout.pentahospitals.pl\/cs\/privacy-policy-cz\/","title":{"rendered":"Z\u00e1sady ochrany osobn\u00edch \u00fadaj\u016fPrivacy policy CZ"},"content":{"rendered":"<div class=\"wp-block-paragraph\">\n<p>V souladu s \u010dl. 13 odst. 1 a odst. 2 obecn\u00e9ho na\u0159\u00edzen\u00ed o ochran\u011b osobn\u00edch \u00fadaj\u016f ze dne 27. dubna 2016 (d\u00e1le jen GDPR) bych v\u00e1s r\u00e1d informoval, \u017ee: <\/p>\n<\/div>\n\n<div class=\"wp-block-paragraph\">\n<p>1) spr\u00e1vcem va\u0161ich osobn\u00edch \u00fadaj\u016f je spole\u010dnost EMC Instytut Medyczny SA se s\u00eddlem ve Vratislavi (54-144) na ul. Pilczyckiej 144-148, Polsko. <\/p>\n<\/div>\n\n<div class=\"wp-block-paragraph\">\n<p>2) Kontaktn\u00ed osobou pro z\u00e1le\u017eitosti ochrany \u00fadaj\u016f je pov\u011b\u0159enec pro ochranu osobn\u00edch \u00fadaj\u016f, kter\u00fd je dostupn\u00fd na e-mailov\u00e9 adrese: iod@pentahospitals.pl. <\/p>\n<\/div>\n\n<div class=\"wp-block-paragraph\">\n<p>3) Va\u0161e osobn\u00ed \u00fadaje v podob\u011b jm\u00e9na, p\u0159\u00edjmen\u00ed, telefonn\u00edho \u010d\u00edsla, e-mailov\u00e9 adresy budou zpracov\u00e1ny v r\u00e1mci va\u0161\u00ed registrace na konferenci Penta Hospitals International Leadership Conference 2025 Standing Out na z\u00e1klad\u011b \u010dl. 6 odst. 1 p\u00edsm. a GDPR. <\/p>\n<\/div>\n\n<div class=\"wp-block-paragraph\">\n<p>4) Va\u0161e osobn\u00ed \u00fadaje v podob\u011b jm\u00e9na, p\u0159\u00edjmen\u00ed, telefonn\u00edho \u010d\u00edsla, e-mailov\u00e9 adresy budou zpracov\u00e1vat pov\u011b\u0159en\u00ed zam\u011bstnanci spr\u00e1vce \u00fadaj\u016f. P\u0159\u00edjemcem va\u0161ich osobn\u00edch \u00fadaj\u016f v podob\u011b jm\u00e9na, p\u0159\u00edjmen\u00ed, telefonn\u00edho \u010d\u00edsla, e-mailov\u00e9 adresy bude spole\u010dnost, kter\u00e1 konferenci po\u0159\u00e1d\u00e1 na z\u00e1klad\u011b smlouvy o pov\u011b\u0159en\u00ed. <\/p>\n<\/div>\n\n<div class=\"wp-block-paragraph\">\n<p>5) Va\u0161e osobn\u00ed \u00fadaje v podob\u011b jm\u00e9na, p\u0159\u00edjmen\u00ed, telefonn\u00edho \u010d\u00edsla, e-mailov\u00e9 adresy nebudou p\u0159ed\u00e1v\u00e1ny do t\u0159et\u00edch zem\u00ed a mezin\u00e1rodn\u00edm organizac\u00edm. <\/p>\n<\/div>\n\n<div class=\"wp-block-paragraph\">\n<p>6) Va\u0161e osobn\u00ed \u00fadaje v podob\u011b jm\u00e9na, p\u0159\u00edjmen\u00ed, telefonn\u00edho \u010d\u00edsla, e-mailov\u00e9 adresy budou uchov\u00e1v\u00e1ny po dobu nezbytnou k napln\u011bn\u00ed \u00fa\u010delu uveden\u00e9ho v bod\u011b 3 t\u00e9to dolo\u017eky nebo do odvol\u00e1n\u00ed va\u0161eho souhlasu. Pot\u00e9 budou \u00fadaje odstran\u011bny. <\/p>\n<\/div>\n\n<div class=\"wp-block-paragraph\">\n<p>7) M\u00e1te pr\u00e1vo na p\u0159\u00edstup k obsahu sv\u00fdch \u00fadaj\u016f a pr\u00e1vo na opravu, v\u00fdmaz, omezen\u00ed zpracov\u00e1n\u00ed, pr\u00e1vo na p\u0159enositelnost \u00fadaj\u016f, pr\u00e1vo vzn\u00e9st n\u00e1mitku, a pokud je zpracov\u00e1n\u00ed zalo\u017eeno na souhlasu, m\u00e1te pr\u00e1vo souhlas kdykoli odvolat, ani\u017e by byla dot\u010dena z\u00e1konnost zpracov\u00e1n\u00ed proveden\u00e9ho na z\u00e1klad\u011b souhlasu p\u0159ed jeho odvol\u00e1n\u00edm. <\/p>\n<\/div>\n\n<div class=\"wp-block-paragraph\">\n<p>8) M\u00e1te pr\u00e1vo podat st\u00ed\u017enost u dozorov\u00e9ho \u00fa\u0159adu, pokud se domn\u00edv\u00e1te, \u017ee zpracov\u00e1n\u00ed osobn\u00edch \u00fadaj\u016f v podob\u011b va\u0161\u00ed podobizny poru\u0161uje ustanoven\u00ed GDPR. <\/p>\n<\/div>\n\n<div class=\"wp-block-paragraph\">\n<p>9) Poskytnut\u00ed va\u0161ich osobn\u00edch \u00fadaj\u016f v podob\u011b jm\u00e9na, telefonn\u00edho \u010d\u00edsla a e-mailov\u00e9 adresy je dobrovoln\u00e9. Neposkytnut\u00ed \u00fadaj\u016f v podob\u011b jm\u00e9na, p\u0159\u00edjmen\u00ed, telefonn\u00edho \u010d\u00edsla a e-mailov\u00e9 adresy bude m\u00edt za n\u00e1sledek nemo\u017enost registrace a va\u0161\u00ed \u00fa\u010dasti na konferenci Penta Hospitals International Leadership Conference 2025 Standing Out. <\/p>\n<\/div>\n\n<div class=\"wp-block-paragraph\">\n<p>10) Va\u0161e osobn\u00ed \u00fadaje v podob\u011b jm\u00e9na, p\u0159\u00edjmen\u00ed, telefonn\u00edho \u010d\u00edsla, e-mailov\u00e9 adresy, podobizny nebudou zpracov\u00e1v\u00e1ny prost\u0159ednictv\u00edm profilov\u00e1n\u00ed.<\/p>\n<\/div>\n\n\n<div style=\"height:100px\" aria-hidden=\"true\" class=\"wp-block-spacer\"><\/div>\n","protected":false},"excerpt":{"rendered":"<p>V souladu s \u010dl. 13 odst. 1 a odst. 2 obecn\u00e9ho na\u0159\u00edzen\u00ed o ochran\u011b osobn\u00edch \u00fadaj\u016f ze dne 27. dubna 2016 (d\u00e1le jen GDPR) bych v\u00e1s r\u00e1d informoval, \u017ee: 1) spr\u00e1vcem va\u0161ich osobn\u00edch \u00fadaj\u016f je spole\u010dnost EMC Instytut Medyczny SA se s\u00eddlem ve Vratislavi (54-144) na ul. Pilczyckiej 144-148, Polsko. 2) Kontaktn\u00ed osobou pro z\u00e1le\u017eitosti [&hellip;]<\/p>\n","protected":false},"author":1,"featured_media":0,"parent":0,"menu_order":0,"comment_status":"closed","ping_status":"closed","template":"","meta":{"_acf_changed":false,"footnotes":""},"class_list":["post-551","page","type-page","status-publish","hentry"],"acf":[],"yoast_head":"<!-- This site is optimized with the Yoast SEO plugin v24.4 - https:\/\/yoast.com\/wordpress\/plugins\/seo\/ -->\n<title>Z\u00e1sady ochrany osobn\u00edch \u00fadaj\u016fPrivacy policy CZ - Pentahospitals standing out<\/title>\n<meta name=\"robots\" content=\"noindex, follow, max-snippet:-1, max-image-preview:large, max-video-preview:-1\" \/>\n<meta property=\"og:locale\" content=\"cs_CZ\" \/>\n<meta property=\"og:type\" content=\"article\" \/>\n<meta property=\"og:title\" content=\"Z\u00e1sady ochrany osobn\u00edch \u00fadaj\u016fPrivacy policy CZ - Pentahospitals standing out\" \/>\n<meta property=\"og:description\" content=\"V souladu s \u010dl. 13 odst. 1 a odst. 2 obecn\u00e9ho na\u0159\u00edzen\u00ed o ochran\u011b osobn\u00edch \u00fadaj\u016f ze dne 27. dubna 2016 (d\u00e1le jen GDPR) bych v\u00e1s r\u00e1d informoval, \u017ee: 1) spr\u00e1vcem va\u0161ich osobn\u00edch \u00fadaj\u016f je spole\u010dnost EMC Instytut Medyczny SA se s\u00eddlem ve Vratislavi (54-144) na ul. Pilczyckiej 144-148, Polsko. 2) Kontaktn\u00ed osobou pro z\u00e1le\u017eitosti [&hellip;]\" \/>\n<meta property=\"og:url\" content=\"https:\/\/standingout.pentahospitals.pl\/cs\/privacy-policy-cz\/\" \/>\n<meta property=\"og:site_name\" content=\"Pentahospitals standing out\" \/>\n<meta property=\"article:modified_time\" content=\"2025-02-24T13:09:25+00:00\" \/>\n<meta name=\"twitter:card\" content=\"summary_large_image\" \/>\n<meta name=\"twitter:label1\" content=\"Odhadovan\u00e1 doba \u010dten\u00ed\" \/>\n\t<meta name=\"twitter:data1\" content=\"2 minuty\" \/>\n<script type=\"application\/ld+json\" class=\"yoast-schema-graph\">{\"@context\":\"https:\/\/schema.org\",\"@graph\":[{\"@type\":\"WebPage\",\"@id\":\"https:\/\/standingout.pentahospitals.pl\/cs\/privacy-policy-cz\/\",\"url\":\"https:\/\/standingout.pentahospitals.pl\/cs\/privacy-policy-cz\/\",\"name\":\"Z\u00e1sady ochrany osobn\u00edch \u00fadaj\u016fPrivacy policy CZ - Pentahospitals standing out\",\"isPartOf\":{\"@id\":\"https:\/\/standingout.pentahospitals.pl\/#website\"},\"datePublished\":\"2025-01-07T12:44:25+00:00\",\"dateModified\":\"2025-02-24T13:09:25+00:00\",\"breadcrumb\":{\"@id\":\"https:\/\/standingout.pentahospitals.pl\/cs\/privacy-policy-cz\/#breadcrumb\"},\"inLanguage\":\"cs\",\"potentialAction\":[{\"@type\":\"ReadAction\",\"target\":[\"https:\/\/standingout.pentahospitals.pl\/cs\/privacy-policy-cz\/\"]}]},{\"@type\":\"BreadcrumbList\",\"@id\":\"https:\/\/standingout.pentahospitals.pl\/cs\/privacy-policy-cz\/#breadcrumb\",\"itemListElement\":[{\"@type\":\"ListItem\",\"position\":1,\"name\":\"Strona g\u0142\u00f3wna\",\"item\":\"https:\/\/standingout.pentahospitals.pl\/cs\/\"},{\"@type\":\"ListItem\",\"position\":2,\"name\":\"Z\u00e1sady ochrany osobn\u00edch \u00fadaj\u016fPrivacy policy CZ\"}]},{\"@type\":\"WebSite\",\"@id\":\"https:\/\/standingout.pentahospitals.pl\/#website\",\"url\":\"https:\/\/standingout.pentahospitals.pl\/\",\"name\":\"Pentahospitals standing out\",\"description\":\"\",\"potentialAction\":[{\"@type\":\"SearchAction\",\"target\":{\"@type\":\"EntryPoint\",\"urlTemplate\":\"https:\/\/standingout.pentahospitals.pl\/?s={search_term_string}\"},\"query-input\":{\"@type\":\"PropertyValueSpecification\",\"valueRequired\":true,\"valueName\":\"search_term_string\"}}],\"inLanguage\":\"cs\"}]}<\/script>\n<!-- \/ Yoast SEO plugin. -->","yoast_head_json":{"title":"Z\u00e1sady ochrany osobn\u00edch \u00fadaj\u016fPrivacy policy CZ - Pentahospitals standing out","robots":{"index":"noindex","follow":"follow","max-snippet":"max-snippet:-1","max-image-preview":"max-image-preview:large","max-video-preview":"max-video-preview:-1"},"og_locale":"cs_CZ","og_type":"article","og_title":"Z\u00e1sady ochrany osobn\u00edch \u00fadaj\u016fPrivacy policy CZ - Pentahospitals standing out","og_description":"V souladu s \u010dl. 13 odst. 1 a odst. 2 obecn\u00e9ho na\u0159\u00edzen\u00ed o ochran\u011b osobn\u00edch \u00fadaj\u016f ze dne 27. dubna 2016 (d\u00e1le jen GDPR) bych v\u00e1s r\u00e1d informoval, \u017ee: 1) spr\u00e1vcem va\u0161ich osobn\u00edch \u00fadaj\u016f je spole\u010dnost EMC Instytut Medyczny SA se s\u00eddlem ve Vratislavi (54-144) na ul. Pilczyckiej 144-148, Polsko. 2) Kontaktn\u00ed osobou pro z\u00e1le\u017eitosti [&hellip;]","og_url":"https:\/\/standingout.pentahospitals.pl\/cs\/privacy-policy-cz\/","og_site_name":"Pentahospitals standing out","article_modified_time":"2025-02-24T13:09:25+00:00","twitter_card":"summary_large_image","twitter_misc":{"Odhadovan\u00e1 doba \u010dten\u00ed":"2 minuty"},"schema":{"@context":"https:\/\/schema.org","@graph":[{"@type":"WebPage","@id":"https:\/\/standingout.pentahospitals.pl\/cs\/privacy-policy-cz\/","url":"https:\/\/standingout.pentahospitals.pl\/cs\/privacy-policy-cz\/","name":"Z\u00e1sady ochrany osobn\u00edch \u00fadaj\u016fPrivacy policy CZ - Pentahospitals standing out","isPartOf":{"@id":"https:\/\/standingout.pentahospitals.pl\/#website"},"datePublished":"2025-01-07T12:44:25+00:00","dateModified":"2025-02-24T13:09:25+00:00","breadcrumb":{"@id":"https:\/\/standingout.pentahospitals.pl\/cs\/privacy-policy-cz\/#breadcrumb"},"inLanguage":"cs","potentialAction":[{"@type":"ReadAction","target":["https:\/\/standingout.pentahospitals.pl\/cs\/privacy-policy-cz\/"]}]},{"@type":"BreadcrumbList","@id":"https:\/\/standingout.pentahospitals.pl\/cs\/privacy-policy-cz\/#breadcrumb","itemListElement":[{"@type":"ListItem","position":1,"name":"Strona g\u0142\u00f3wna","item":"https:\/\/standingout.pentahospitals.pl\/cs\/"},{"@type":"ListItem","position":2,"name":"Z\u00e1sady ochrany osobn\u00edch \u00fadaj\u016fPrivacy policy CZ"}]},{"@type":"WebSite","@id":"https:\/\/standingout.pentahospitals.pl\/#website","url":"https:\/\/standingout.pentahospitals.pl\/","name":"Pentahospitals standing out","description":"","potentialAction":[{"@type":"SearchAction","target":{"@type":"EntryPoint","urlTemplate":"https:\/\/standingout.pentahospitals.pl\/?s={search_term_string}"},"query-input":{"@type":"PropertyValueSpecification","valueRequired":true,"valueName":"search_term_string"}}],"inLanguage":"cs"}]}},"_links":{"self":[{"href":"https:\/\/standingout.pentahospitals.pl\/cs\/wp-json\/wp\/v2\/pages\/551","targetHints":{"allow":["GET"]}}],"collection":[{"href":"https:\/\/standingout.pentahospitals.pl\/cs\/wp-json\/wp\/v2\/pages"}],"about":[{"href":"https:\/\/standingout.pentahospitals.pl\/cs\/wp-json\/wp\/v2\/types\/page"}],"author":[{"embeddable":true,"href":"https:\/\/standingout.pentahospitals.pl\/cs\/wp-json\/wp\/v2\/users\/1"}],"replies":[{"embeddable":true,"href":"https:\/\/standingout.pentahospitals.pl\/cs\/wp-json\/wp\/v2\/comments?post=551"}],"version-history":[{"count":2,"href":"https:\/\/standingout.pentahospitals.pl\/cs\/wp-json\/wp\/v2\/pages\/551\/revisions"}],"predecessor-version":[{"id":936,"href":"https:\/\/standingout.pentahospitals.pl\/cs\/wp-json\/wp\/v2\/pages\/551\/revisions\/936"}],"wp:attachment":[{"href":"https:\/\/standingout.pentahospitals.pl\/cs\/wp-json\/wp\/v2\/media?parent=551"}],"curies":[{"name":"wp","href":"https:\/\/api.w.org\/{rel}","templated":true}]}}