{"id":273,"date":"2024-12-23T10:02:59","date_gmt":"2024-12-23T09:02:59","guid":{"rendered":"https:\/\/standingout.pentahospitals.pl\/start\/"},"modified":"2025-05-12T13:48:19","modified_gmt":"2025-05-12T11:48:19","slug":"start","status":"publish","type":"page","link":"https:\/\/standingout.pentahospitals.pl\/cs\/","title":{"rendered":"Start"},"content":{"rendered":"","protected":false},"excerpt":{"rendered":"","protected":false},"author":1,"featured_media":1003,"parent":0,"menu_order":0,"comment_status":"closed","ping_status":"closed","template":"front-page.php","meta":{"_acf_changed":false,"footnotes":""},"class_list":["post-273","page","type-page","status-publish","has-post-thumbnail","hentry"],"acf":[],"yoast_head":"<!-- This site is optimized with the Yoast SEO plugin v24.4 - https:\/\/yoast.com\/wordpress\/plugins\/seo\/ -->\n<title>PHI Leadership Conference 2025 | Standing Out<\/title>\n<meta name=\"description\" content=\"Ve zdravotnictv\u00ed nen\u00ed to, \u017ee vynik\u00e1me, volbou \u2013 dokonalost je na\u0161\u00edm standardem, inovace na\u0161\u00ed cestou a\u00a0v\u00fdjime\u010dn\u00e1 p\u00e9\u010de na\u0161\u00edm p\u0159\u00edslibem.\" \/>\n<meta name=\"robots\" content=\"noindex, follow, max-snippet:-1, max-image-preview:large, max-video-preview:-1\" \/>\n<meta property=\"og:locale\" content=\"cs_CZ\" \/>\n<meta property=\"og:type\" content=\"article\" \/>\n<meta property=\"og:title\" content=\"PHI Leadership Conference 2025 | Standing Out\" \/>\n<meta property=\"og:description\" content=\"Ve zdravotnictv\u00ed nen\u00ed to, \u017ee vynik\u00e1me, volbou \u2013 dokonalost je na\u0161\u00edm standardem, inovace na\u0161\u00ed cestou a\u00a0v\u00fdjime\u010dn\u00e1 p\u00e9\u010de na\u0161\u00edm p\u0159\u00edslibem.\" \/>\n<meta property=\"og:url\" content=\"https:\/\/standingout.pentahospitals.pl\/cs\/\" \/>\n<meta property=\"og:site_name\" content=\"Pentahospitals standing out\" \/>\n<meta property=\"article:modified_time\" content=\"2025-05-12T11:48:19+00:00\" \/>\n<meta property=\"og:image\" content=\"https:\/\/standingout.pentahospitals.pl\/wp-content\/uploads\/2025\/03\/standing_out_web.png\" \/>\n\t<meta property=\"og:image:width\" content=\"580\" \/>\n\t<meta property=\"og:image:height\" content=\"580\" \/>\n\t<meta property=\"og:image:type\" content=\"image\/png\" \/>\n<meta name=\"twitter:card\" content=\"summary_large_image\" \/>\n<meta name=\"twitter:label1\" content=\"Odhadovan\u00e1 doba \u010dten\u00ed\" \/>\n\t<meta name=\"twitter:data1\" content=\"1 minuta\" \/>\n<script type=\"application\/ld+json\" class=\"yoast-schema-graph\">{\"@context\":\"https:\/\/schema.org\",\"@graph\":[{\"@type\":\"WebPage\",\"@id\":\"https:\/\/standingout.pentahospitals.pl\/cs\/\",\"url\":\"https:\/\/standingout.pentahospitals.pl\/cs\/\",\"name\":\"PHI Leadership Conference 2025 | Standing Out\",\"isPartOf\":{\"@id\":\"https:\/\/standingout.pentahospitals.pl\/#website\"},\"primaryImageOfPage\":{\"@id\":\"https:\/\/standingout.pentahospitals.pl\/cs\/#primaryimage\"},\"image\":{\"@id\":\"https:\/\/standingout.pentahospitals.pl\/cs\/#primaryimage\"},\"thumbnailUrl\":\"https:\/\/standingout.pentahospitals.pl\/wp-content\/uploads\/2025\/03\/standing_out_web.png\",\"datePublished\":\"2024-12-23T09:02:59+00:00\",\"dateModified\":\"2025-05-12T11:48:19+00:00\",\"description\":\"Ve zdravotnictv\u00ed nen\u00ed to, \u017ee vynik\u00e1me, volbou \u2013 dokonalost je na\u0161\u00edm standardem, inovace na\u0161\u00ed cestou a\u00a0v\u00fdjime\u010dn\u00e1 p\u00e9\u010de na\u0161\u00edm p\u0159\u00edslibem.\",\"breadcrumb\":{\"@id\":\"https:\/\/standingout.pentahospitals.pl\/cs\/#breadcrumb\"},\"inLanguage\":\"cs\",\"potentialAction\":[{\"@type\":\"ReadAction\",\"target\":[\"https:\/\/standingout.pentahospitals.pl\/cs\/\"]}]},{\"@type\":\"ImageObject\",\"inLanguage\":\"cs\",\"@id\":\"https:\/\/standingout.pentahospitals.pl\/cs\/#primaryimage\",\"url\":\"https:\/\/standingout.pentahospitals.pl\/wp-content\/uploads\/2025\/03\/standing_out_web.png\",\"contentUrl\":\"https:\/\/standingout.pentahospitals.pl\/wp-content\/uploads\/2025\/03\/standing_out_web.png\",\"width\":580,\"height\":580},{\"@type\":\"BreadcrumbList\",\"@id\":\"https:\/\/standingout.pentahospitals.pl\/cs\/#breadcrumb\",\"itemListElement\":[{\"@type\":\"ListItem\",\"position\":1,\"name\":\"Strona g\u0142\u00f3wna\",\"item\":\"https:\/\/standingout.pentahospitals.pl\/cs\/\"},{\"@type\":\"ListItem\",\"position\":2,\"name\":\"Start\"}]},{\"@type\":\"WebSite\",\"@id\":\"https:\/\/standingout.pentahospitals.pl\/#website\",\"url\":\"https:\/\/standingout.pentahospitals.pl\/\",\"name\":\"Pentahospitals standing out\",\"description\":\"\",\"potentialAction\":[{\"@type\":\"SearchAction\",\"target\":{\"@type\":\"EntryPoint\",\"urlTemplate\":\"https:\/\/standingout.pentahospitals.pl\/?s={search_term_string}\"},\"query-input\":{\"@type\":\"PropertyValueSpecification\",\"valueRequired\":true,\"valueName\":\"search_term_string\"}}],\"inLanguage\":\"cs\"}]}<\/script>\n<!-- \/ Yoast SEO plugin. -->","yoast_head_json":{"title":"PHI Leadership Conference 2025 | Standing Out","description":"Ve zdravotnictv\u00ed nen\u00ed to, \u017ee vynik\u00e1me, volbou \u2013 dokonalost je na\u0161\u00edm standardem, inovace na\u0161\u00ed cestou a\u00a0v\u00fdjime\u010dn\u00e1 p\u00e9\u010de na\u0161\u00edm p\u0159\u00edslibem.","robots":{"index":"noindex","follow":"follow","max-snippet":"max-snippet:-1","max-image-preview":"max-image-preview:large","max-video-preview":"max-video-preview:-1"},"og_locale":"cs_CZ","og_type":"article","og_title":"PHI Leadership Conference 2025 | Standing Out","og_description":"Ve zdravotnictv\u00ed nen\u00ed to, \u017ee vynik\u00e1me, volbou \u2013 dokonalost je na\u0161\u00edm standardem, inovace na\u0161\u00ed cestou a\u00a0v\u00fdjime\u010dn\u00e1 p\u00e9\u010de na\u0161\u00edm p\u0159\u00edslibem.","og_url":"https:\/\/standingout.pentahospitals.pl\/cs\/","og_site_name":"Pentahospitals standing out","article_modified_time":"2025-05-12T11:48:19+00:00","og_image":[{"width":580,"height":580,"url":"https:\/\/standingout.pentahospitals.pl\/wp-content\/uploads\/2025\/03\/standing_out_web.png","type":"image\/png"}],"twitter_card":"summary_large_image","twitter_misc":{"Odhadovan\u00e1 doba \u010dten\u00ed":"1 minuta"},"schema":{"@context":"https:\/\/schema.org","@graph":[{"@type":"WebPage","@id":"https:\/\/standingout.pentahospitals.pl\/cs\/","url":"https:\/\/standingout.pentahospitals.pl\/cs\/","name":"PHI Leadership Conference 2025 | Standing Out","isPartOf":{"@id":"https:\/\/standingout.pentahospitals.pl\/#website"},"primaryImageOfPage":{"@id":"https:\/\/standingout.pentahospitals.pl\/cs\/#primaryimage"},"image":{"@id":"https:\/\/standingout.pentahospitals.pl\/cs\/#primaryimage"},"thumbnailUrl":"https:\/\/standingout.pentahospitals.pl\/wp-content\/uploads\/2025\/03\/standing_out_web.png","datePublished":"2024-12-23T09:02:59+00:00","dateModified":"2025-05-12T11:48:19+00:00","description":"Ve zdravotnictv\u00ed nen\u00ed to, \u017ee vynik\u00e1me, volbou \u2013 dokonalost je na\u0161\u00edm standardem, inovace na\u0161\u00ed cestou a\u00a0v\u00fdjime\u010dn\u00e1 p\u00e9\u010de na\u0161\u00edm p\u0159\u00edslibem.","breadcrumb":{"@id":"https:\/\/standingout.pentahospitals.pl\/cs\/#breadcrumb"},"inLanguage":"cs","potentialAction":[{"@type":"ReadAction","target":["https:\/\/standingout.pentahospitals.pl\/cs\/"]}]},{"@type":"ImageObject","inLanguage":"cs","@id":"https:\/\/standingout.pentahospitals.pl\/cs\/#primaryimage","url":"https:\/\/standingout.pentahospitals.pl\/wp-content\/uploads\/2025\/03\/standing_out_web.png","contentUrl":"https:\/\/standingout.pentahospitals.pl\/wp-content\/uploads\/2025\/03\/standing_out_web.png","width":580,"height":580},{"@type":"BreadcrumbList","@id":"https:\/\/standingout.pentahospitals.pl\/cs\/#breadcrumb","itemListElement":[{"@type":"ListItem","position":1,"name":"Strona g\u0142\u00f3wna","item":"https:\/\/standingout.pentahospitals.pl\/cs\/"},{"@type":"ListItem","position":2,"name":"Start"}]},{"@type":"WebSite","@id":"https:\/\/standingout.pentahospitals.pl\/#website","url":"https:\/\/standingout.pentahospitals.pl\/","name":"Pentahospitals standing out","description":"","potentialAction":[{"@type":"SearchAction","target":{"@type":"EntryPoint","urlTemplate":"https:\/\/standingout.pentahospitals.pl\/?s={search_term_string}"},"query-input":{"@type":"PropertyValueSpecification","valueRequired":true,"valueName":"search_term_string"}}],"inLanguage":"cs"}]}},"_links":{"self":[{"href":"https:\/\/standingout.pentahospitals.pl\/cs\/wp-json\/wp\/v2\/pages\/273","targetHints":{"allow":["GET"]}}],"collection":[{"href":"https:\/\/standingout.pentahospitals.pl\/cs\/wp-json\/wp\/v2\/pages"}],"about":[{"href":"https:\/\/standingout.pentahospitals.pl\/cs\/wp-json\/wp\/v2\/types\/page"}],"author":[{"embeddable":true,"href":"https:\/\/standingout.pentahospitals.pl\/cs\/wp-json\/wp\/v2\/users\/1"}],"replies":[{"embeddable":true,"href":"https:\/\/standingout.pentahospitals.pl\/cs\/wp-json\/wp\/v2\/comments?post=273"}],"version-history":[{"count":33,"href":"https:\/\/standingout.pentahospitals.pl\/cs\/wp-json\/wp\/v2\/pages\/273\/revisions"}],"predecessor-version":[{"id":4617,"href":"https:\/\/standingout.pentahospitals.pl\/cs\/wp-json\/wp\/v2\/pages\/273\/revisions\/4617"}],"wp:featuredmedia":[{"embeddable":true,"href":"https:\/\/standingout.pentahospitals.pl\/cs\/wp-json\/wp\/v2\/media\/1003"}],"wp:attachment":[{"href":"https:\/\/standingout.pentahospitals.pl\/cs\/wp-json\/wp\/v2\/media?parent=273"}],"curies":[{"name":"wp","href":"https:\/\/api.w.org\/{rel}","templated":true}]}}